{"id":75,"date":"2025-10-21T12:21:30","date_gmt":"2025-10-21T10:21:30","guid":{"rendered":"http:\/\/antonia-weber.de\/?page_id=75"},"modified":"2025-10-21T12:39:47","modified_gmt":"2025-10-21T10:39:47","slug":"allgemein","status":"publish","type":"page","link":"https:\/\/antonia-weber.de\/index.php\/allgemein\/","title":{"rendered":"ALLGEMEIN"},"content":{"rendered":"\n<div class=\"wp-block-columns is-layout-flex wp-container-core-columns-is-layout-28f84493 wp-block-columns-is-layout-flex\">\n<div class=\"wp-block-column is-layout-flow wp-block-column-is-layout-flow\">\n<figure class=\"wp-block-image size-full\"><img loading=\"lazy\" decoding=\"async\" width=\"506\" height=\"767\" src=\"https:\/\/antonia-weber.de\/wp-content\/uploads\/2025\/10\/Screenshot-2025-10-21-122303.png\" alt=\"\" class=\"wp-image-78\" srcset=\"https:\/\/antonia-weber.de\/wp-content\/uploads\/2025\/10\/Screenshot-2025-10-21-122303.png 506w, https:\/\/antonia-weber.de\/wp-content\/uploads\/2025\/10\/Screenshot-2025-10-21-122303-198x300.png 198w\" sizes=\"auto, (max-width: 506px) 100vw, 506px\" \/><\/figure>\n<\/div>\n\n\n\n<div class=\"wp-block-column is-layout-flow wp-block-column-is-layout-flow\">\n<p><strong>Willkommen bei <em>Erz\u00e4hlr\u00e4ume<\/em>.<\/strong><\/p>\n\n\n\n<p>Dieser Blog ist ein Ort f\u00fcr Sprache, Literatur und Denken \u2013 ein Raum, in dem Texte nicht nur vorgestellt, sondern befragt, kontextualisiert und weitergedacht werden. Hier geht es um die Freude am Lesen ebenso wie um den kritischen Umgang mit Erz\u00e4hlungen, um \u00e4sthetische Formen, philosophische Ideen und literarische Diskurse, die \u00fcber das einzelne Buch hinausweisen.<\/p>\n\n\n\n<p>Ich bin Antonia und studiere Anglophone studies an der Justus-Liebig-Universit\u00e4t in Gie\u00dfen. Mich interessieren vor allem die Schnittstellen zwischen Literatur, Philosophie und Kultur \u2013 etwa, wie Erz\u00e4hlungen gesellschaftliche Fragen aufwerfen oder wie \u00e4sthetische Formen unsere Wahrnehmung pr\u00e4gen. Schreiben ist f\u00fcr mich dabei nicht nur eine Ausdrucksform, sondern eine Art, Gedanken zu ordnen, zu hinterfragen und mit anderen zu teilen.<\/p>\n\n\n\n<p>Mit <em>Erz\u00e4hlr\u00e4ume<\/em> m\u00f6chte ich einen Ort schaffen, an dem genau solche Auseinandersetzungen stattfinden k\u00f6nnen: wo Rezensionen nicht blo\u00df Bewertungen sind, sondern Ausgangspunkte f\u00fcr weiterf\u00fchrende \u00dcberlegungen; wo klassische Texte neu gelesen werden d\u00fcrfen; und wo unterschiedliche Perspektiven auf Literatur nebeneinanderstehen k\u00f6nnen.<\/p>\n\n\n\n<p>Vielleicht verstehst du diesen Blog als Einladung zum Mitdenken oder als M\u00f6glichkeit, vertraute Werke neu zu entdecken. Vielleicht findest du hier Inspiration f\u00fcr eigene Lekt\u00fcren oder Ideen f\u00fcr Gespr\u00e4che, die \u00fcber das Lesen hinausgehen.<\/p>\n\n\n\n<p>Willkommen \u2013 und viel Freude beim Erkunden der R\u00e4ume.<\/p>\n<\/div>\n<\/div>\n","protected":false},"excerpt":{"rendered":"<p>Willkommen bei Erz\u00e4hlr\u00e4ume. Dieser Blog ist ein Ort f\u00fcr Sprache, Literatur und Denken \u2013 ein Raum, in dem Texte nicht nur vorgestellt, sondern befragt, kontextualisiert und weitergedacht werden. Hier geht es um die Freude am Lesen ebenso wie um den kritischen Umgang mit Erz\u00e4hlungen, um \u00e4sthetische Formen, philosophische Ideen und literarische Diskurse, die \u00fcber das [&hellip;]<\/p>\n","protected":false},"author":1,"featured_media":0,"parent":0,"menu_order":0,"comment_status":"closed","ping_status":"closed","template":"","meta":{"footnotes":""},"class_list":["post-75","page","type-page","status-publish","hentry"],"blocksy_meta":[],"_links":{"self":[{"href":"https:\/\/antonia-weber.de\/index.php\/wp-json\/wp\/v2\/pages\/75","targetHints":{"allow":["GET"]}}],"collection":[{"href":"https:\/\/antonia-weber.de\/index.php\/wp-json\/wp\/v2\/pages"}],"about":[{"href":"https:\/\/antonia-weber.de\/index.php\/wp-json\/wp\/v2\/types\/page"}],"author":[{"embeddable":true,"href":"https:\/\/antonia-weber.de\/index.php\/wp-json\/wp\/v2\/users\/1"}],"replies":[{"embeddable":true,"href":"https:\/\/antonia-weber.de\/index.php\/wp-json\/wp\/v2\/comments?post=75"}],"version-history":[{"count":3,"href":"https:\/\/antonia-weber.de\/index.php\/wp-json\/wp\/v2\/pages\/75\/revisions"}],"predecessor-version":[{"id":84,"href":"https:\/\/antonia-weber.de\/index.php\/wp-json\/wp\/v2\/pages\/75\/revisions\/84"}],"wp:attachment":[{"href":"https:\/\/antonia-weber.de\/index.php\/wp-json\/wp\/v2\/media?parent=75"}],"curies":[{"name":"wp","href":"https:\/\/api.w.org\/{rel}","templated":true}]}}